{"id":712,"date":"2021-03-18T16:26:56","date_gmt":"2021-03-18T15:26:56","guid":{"rendered":"https:\/\/focolarte.progettoenergia.ch\/?page_id=712"},"modified":"2024-05-17T12:29:37","modified_gmt":"2024-05-17T10:29:37","slug":"szenische-gas-oder-bioethanol-oder-elektrische-kamine","status":"publish","type":"page","link":"https:\/\/focolarte.progettoenergia.ch\/de\/caminetti-scenici\/","title":{"rendered":"Szenische Kamine"},"content":{"rendered":"<p>[et_pb_section fb_built=&#8221;1&#8243; _builder_version=&#8221;4.16&#8243; _module_preset=&#8221;default&#8221; use_background_color_gradient=&#8221;on&#8221; background_color_gradient_stops=&#8221;rgba(0,0,0,0.3) 0%|rgba(0,0,0,0.3) 100%&#8221; background_color_gradient_overlays_image=&#8221;on&#8221; background_color_gradient_start=&#8221;rgba(0,0,0,0.3)&#8221; background_color_gradient_end=&#8221;rgba(0,0,0,0.3)&#8221; background_image=&#8221;https:\/\/focolarte.progettoenergia.ch\/wp-content\/uploads\/2021\/02\/camini-scenici-main.jpg&#8221; min_height=&#8221;800px&#8221; global_colors_info=&#8221;{}&#8221;][et_pb_row _builder_version=&#8221;4.16&#8243; _module_preset=&#8221;default&#8221; background_color=&#8221;rgba(0,0,0,0.61)&#8221; custom_margin=&#8221;117px|auto||auto||&#8221; global_colors_info=&#8221;{}&#8221;][et_pb_column type=&#8221;4_4&#8243; _builder_version=&#8221;4.16&#8243; _module_preset=&#8221;default&#8221; global_colors_info=&#8221;{}&#8221;][et_pb_text _builder_version=&#8221;4.16&#8243; _module_preset=&#8221;default&#8221; custom_margin=&#8221;-3px||54px|||&#8221; custom_padding=&#8221;89px|||||&#8221; global_colors_info=&#8221;{}&#8221;]<\/p>\n<h1 class=\"p1\" style=\"text-align: center;\"><span color=\"#ffffff\" style=\"color: #ffffff;\">Caminetti scenici<\/span><\/h1>\n<p>[\/et_pb_text][\/et_pb_column][\/et_pb_row][\/et_pb_section][et_pb_section fb_built=&#8221;1&#8243; _builder_version=&#8221;4.16&#8243; _module_preset=&#8221;default&#8221; background_color=&#8221;#595957&#8243; custom_margin=&#8221;0px||||false|false&#8221; global_colors_info=&#8221;{}&#8221;][et_pb_row _builder_version=&#8221;4.16&#8243; _module_preset=&#8221;default&#8221; background_color=&#8221;#ffffff&#8221; width=&#8221;90%&#8221; custom_margin=&#8221;-125px||||false|false&#8221; custom_padding=&#8221;||||false|false&#8221; global_colors_info=&#8221;{}&#8221;][et_pb_column type=&#8221;4_4&#8243; _builder_version=&#8221;4.16&#8243; _module_preset=&#8221;default&#8221; global_colors_info=&#8221;{}&#8221;][et_pb_text _builder_version=&#8221;4.16&#8243; _module_preset=&#8221;default&#8221; custom_padding=&#8221;20px|0px|20px|34px|false|false&#8221; global_colors_info=&#8221;{}&#8221;]<\/p>\n<p class=\"p1\"><span style=\"color: #333333;\">C\u2019\u00e8 voglia di focolare in casa, l\u2019atavico fascino del fuoco \u00e8 sempre presente dentro di noi.<\/span><\/p>\n<p class=\"p1\"><span style=\"color: #333333;\">Ma a volta capita che per i pi\u00f9 svariati motivi installare un camino o una stufa a legna non \u00e8 tecnicamente possibile o semplicemente riteniamo che l\u2019attivit\u00e0<span class=\"Apple-converted-space\">\u00a0 <\/span>necessaria all\u2019utilizzo di questi focolari\u2026..\u201cnon faccia al caso nostro\u201d.<\/span><\/p>\n<p class=\"p1\"><span style=\"color: #333333;\">La categoria dei<span class=\"Apple-converted-space\">\u00a0 <\/span>camini scenici racchiude tutti gli apparecchi che possono regalarci il \u201ccalore\u201d del focolare,<span class=\"Apple-converted-space\">\u00a0 <\/span>ma non utilizzano la legna (anche sotto forma di pellet) per generare il fuoco.<\/span><\/p>\n<p class=\"p1\"><span style=\"color: #333333;\">Camini a gas, camini al bioetanolo e camini elettrici sono la \u201cquintessenza\u201d dell\u2019evoluzione del focolare. Il fascino del fuoco o la sua percezione attivati comodamente con un telecomando. Nessuna incombenza di pulizia o di fastidioso apporto di legna.<\/span><\/p>\n<p class=\"p2\">\n<p class=\"p1\"><span style=\"color: #333333;\">I caminetti scenici sono puro design e le nostre proposte possono soddisfare ogni desiderio.<\/span><\/p>\n<p>[\/et_pb_text][\/et_pb_column][\/et_pb_row][et_pb_row column_structure=&#8221;1_4,1_4,1_4,1_4&#8243; use_custom_gutter=&#8221;on&#8221; gutter_width=&#8221;2&#8243; _builder_version=&#8221;4.16&#8243; _module_preset=&#8221;default&#8221; width=&#8221;90%&#8221; module_alignment=&#8221;center&#8221; custom_padding=&#8221;||3px|||&#8221; global_colors_info=&#8221;{}&#8221;][et_pb_column type=&#8221;1_4&#8243; _builder_version=&#8221;4.16&#8243; _module_preset=&#8221;default&#8221; global_colors_info=&#8221;{}&#8221;][et_pb_text _builder_version=&#8221;4.16&#8243; _module_preset=&#8221;default&#8221; text_font_size=&#8221;12px&#8221; background_image=&#8221;https:\/\/focolarte.progettoenergia.ch\/wp-content\/uploads\/2021\/06\/attika.jpg&#8221; width=&#8221;250px&#8221; height=&#8221;166px&#8221; link_option_url=&#8221;https:\/\/attika.ch\/it\/prodotti\/caminetti-elettrici&#8221; link_option_url_new_window=&#8221;on&#8221; global_colors_info=&#8221;{}&#8221; content__hover_enabled=&#8221;on|hover&#8221; content__hover=&#8221;<\/p>\n<p>\u00a0<\/p>\n<p><img src=%22https:\/\/focolarte.progettoenergia.ch\/wp-content\/uploads\/2021\/04\/attika_logo-300x90.png%22 width=%22150%22 height=%2245%22 alt=%22%22 class=%22wp-image-747 alignnone size-medium%22 style=%22display: block; margin-left: auto; margin-right: auto;%22 \/><\/p>\n<p style=%22text-align: center;%22><a href=%22https:\/\/attika.ch\/it\/prodotti\/caminetti-elettrici%22 data-et-target-link=%22_blank%22 rel=%22noopener noreferrer%22><span style=%22color: #ffffff;%22>https:\/\/attika.ch\/it\/prodotti\/caminetti-elettrici<\/span><\/a><\/p>\n<p>&#8221; background__hover_enabled=&#8221;on|hover&#8221; background_color_gradient_end__hover=&#8221;rgba(0,0,0,0.56)&#8221; use_background_color_gradient__hover=&#8221;on&#8221; background_color_gradient_start__hover=&#8221;rgba(0,0,0,0.56)&#8221; background_color_gradient_overlays_image__hover=&#8221;on&#8221; background_color_gradient_stops__hover=&#8221;rgba(0,0,0,0.56) 0%|rgba(0,0,0,0.56) 100%&#8221;][\/et_pb_text][\/et_pb_column][et_pb_column type=&#8221;1_4&#8243; _builder_version=&#8221;4.16&#8243; _module_preset=&#8221;default&#8221; global_colors_info=&#8221;{}&#8221;][et_pb_text _builder_version=&#8221;4.16&#8243; _module_preset=&#8221;default&#8221; text_font_size=&#8221;12px&#8221; background_image=&#8221;https:\/\/focolarte.progettoenergia.ch\/wp-content\/uploads\/2021\/06\/planika.jpg&#8221; width=&#8221;250px&#8221; height=&#8221;166px&#8221; link_option_url=&#8221;https:\/\/www.planikafires.pl\/&#8221; link_option_url_new_window=&#8221;on&#8221; global_colors_info=&#8221;{}&#8221; content__hover_enabled=&#8221;on|hover&#8221; content__hover=&#8221;<\/p>\n<p>\u00a0<\/p>\n<p><img src=%22https:\/\/focolarte.progettoenergia.ch\/wp-content\/uploads\/2021\/06\/logo.png%22 width=%22113%22 height=%2246%22 alt=%22%22 class=%22wp-image-901 alignnone size-full%22 style=%22display: block; margin-left: auto; margin-right: auto;%22 \/><\/p>\n<p style=%22text-align: center;%22><span style=%22color: #ffffff;%22><a href=%22https:\/\/www.planikafires.pl\/%22 data-et-target-link=%22_blank%22 rel=%22noopener noreferrer%22 style=%22color: #ffffff;%22>https:\/\/www.planikafires.pl\/<\/a><\/span><\/p>\n<p>&#8221; background__hover_enabled=&#8221;on|hover&#8221; background_color_gradient_end__hover=&#8221;rgba(0,0,0,0.56)&#8221; use_background_color_gradient__hover=&#8221;on&#8221; background_color_gradient_start__hover=&#8221;rgba(0,0,0,0.56)&#8221; background_color_gradient_overlays_image__hover=&#8221;on&#8221; background_color_gradient_stops__hover=&#8221;rgba(0,0,0,0.56) 0%|rgba(0,0,0,0.56) 100%&#8221;][\/et_pb_text][\/et_pb_column][et_pb_column type=&#8221;1_4&#8243; _builder_version=&#8221;4.16&#8243; _module_preset=&#8221;default&#8221; global_colors_info=&#8221;{}&#8221;][et_pb_text _builder_version=&#8221;4.16&#8243; _module_preset=&#8221;default&#8221; text_font_size=&#8221;12px&#8221; background_image=&#8221;https:\/\/focolarte.progettoenergia.ch\/wp-content\/uploads\/2021\/06\/the_flame.jpg&#8221; width=&#8221;250px&#8221; height=&#8221;166px&#8221; link_option_url=&#8221;https:\/\/www.theflame.at\/&#8221; link_option_url_new_window=&#8221;on&#8221; global_colors_info=&#8221;{}&#8221; content__hover_enabled=&#8221;on|hover&#8221; content__hover=&#8221;<\/p>\n<p>\u00a0<\/p>\n<p><img src=%22https:\/\/focolarte.progettoenergia.ch\/wp-content\/uploads\/2021\/06\/logo_the_flame-300x181.png%22 width=%22120%22 height=%2272%22 alt=%22%22 class=%22wp-image-892 alignnone size-medium%22 style=%22display: block; margin-left: auto; margin-right: auto;%22 \/><\/p>\n<p style=%22text-align: center;%22><a href=%22https:\/\/www.theflame.at\/%22 data-et-target-link=%22_blank%22 rel=%22noopener noreferrer%22>https:\/\/www.theflame.at\/<\/a><\/p>\n<p>&#8221; background__hover_enabled=&#8221;on|hover&#8221; background_color_gradient_end__hover=&#8221;rgba(0,0,0,0.56)&#8221; use_background_color_gradient__hover=&#8221;on&#8221; background_color_gradient_start__hover=&#8221;rgba(0,0,0,0.56)&#8221; background_color_gradient_overlays_image__hover=&#8221;on&#8221; background_color_gradient_stops__hover=&#8221;rgba(0,0,0,0.56) 0%|rgba(0,0,0,0.56) 100%&#8221;][\/et_pb_text][\/et_pb_column][et_pb_column type=&#8221;1_4&#8243; _builder_version=&#8221;4.16&#8243; _module_preset=&#8221;default&#8221; global_colors_info=&#8221;{}&#8221;][et_pb_text _builder_version=&#8221;4.25.1&#8243; _module_preset=&#8221;default&#8221; text_font_size=&#8221;12px&#8221; background_image=&#8221;https:\/\/focolarte.progettoenergia.ch\/wp-content\/uploads\/2024\/05\/camini_scenici_maisonfire_ticino.jpg&#8221; width=&#8221;250px&#8221; height=&#8221;166px&#8221; link_option_url=&#8221;https:\/\/www.maisonfire.com&#8221; link_option_url_new_window=&#8221;on&#8221; hover_enabled=&#8221;0&#8243; global_colors_info=&#8221;{}&#8221; content__hover_enabled=&#8221;on|hover&#8221; content__hover=&#8221;&nbsp;<\/p>\n<p><img src=%22https:\/\/focolarte.progettoenergia.ch\/wp-content\/uploads\/2024\/05\/maison-fire-logo.png%22 width=%22120%22 height=%2250%22 alt=%22%22 class=%22wp-image-892 alignnone size-medium%22 style=%22display: block; margin-left: auto; margin-right: auto;%22 \/><\/p>\n<p style=%22text-align: center;%22><a href=%22https:\/\/www.maisonfire.com\/%22 data-et-target-link=%22_blank%22 rel=%22noopener noreferrer%22>www.maisonfire.com\/<\/a><\/p>\n<p>&#8221; background__hover_enabled=&#8221;on|hover&#8221; background_color_gradient_end__hover=&#8221;rgba(0,0,0,0.56)&#8221; use_background_color_gradient__hover=&#8221;on&#8221; background_color_gradient_start__hover=&#8221;rgba(0,0,0,0.56)&#8221; background_color_gradient_overlays_image__hover=&#8221;on&#8221; background_color_gradient_stops__hover=&#8221;rgba(0,0,0,0.56) 0%|rgba(0,0,0,0.56) 100%&#8221; alt=&#8221;camini scenici bioetanolo elettrici ticino&#8221; title_text=&#8221;camini_scenici_maisonfire_ticino&#8221; sticky_enabled=&#8221;0&#8243;][\/et_pb_text][\/et_pb_column][\/et_pb_row][\/et_pb_section]<\/p>\n","protected":false},"excerpt":{"rendered":"<p>Caminetti sceniciC\u2019\u00e8 voglia di focolare in casa, l\u2019atavico fascino del fuoco \u00e8 sempre presente dentro di noi. Ma a volta capita che per i pi\u00f9 svariati motivi installare un camino o una stufa a legna non \u00e8 tecnicamente possibile o semplicemente riteniamo che l\u2019attivit\u00e0\u00a0 necessaria all\u2019utilizzo di questi focolari\u2026..\u201cnon faccia al caso nostro\u201d. La categoria [&hellip;]<\/p>\n","protected":false},"author":1,"featured_media":0,"parent":0,"menu_order":0,"comment_status":"closed","ping_status":"closed","template":"","meta":{"_et_pb_use_builder":"on","_et_pb_old_content":"","_et_gb_content_width":"","footnotes":""},"class_list":["post-712","page","type-page","status-publish","hentry"],"yoast_head":"<!-- This site is optimized with the Yoast SEO plugin v27.1.1 - https:\/\/yoast.com\/product\/yoast-seo-wordpress\/ -->\n<title>Caminetti scenici - Focolarte | Camini e stufe tra tradizione e tecnologia | Grancia | Ticino<\/title>\n<meta name=\"robots\" content=\"index, follow, max-snippet:-1, max-image-preview:large, max-video-preview:-1\" \/>\n<link rel=\"canonical\" href=\"https:\/\/focolarte.progettoenergia.ch\/de\/szenische-gas-oder-bioethanol-oder-elektrische-kamine\/\" \/>\n<meta property=\"og:locale\" content=\"de_DE\" \/>\n<meta property=\"og:type\" content=\"article\" \/>\n<meta property=\"og:title\" content=\"Caminetti scenici - Focolarte | Camini e stufe tra tradizione e tecnologia | Grancia | Ticino\" \/>\n<meta property=\"og:description\" content=\"Caminetti sceniciC\u2019\u00e8 voglia di focolare in casa, l\u2019atavico fascino del fuoco \u00e8 sempre presente dentro di noi. Ma a volta capita che per i pi\u00f9 svariati motivi installare un camino o una stufa a legna non \u00e8 tecnicamente possibile o semplicemente riteniamo che l\u2019attivit\u00e0\u00a0 necessaria all\u2019utilizzo di questi focolari\u2026..\u201cnon faccia al caso nostro\u201d. La categoria [&hellip;]\" \/>\n<meta property=\"og:url\" content=\"https:\/\/focolarte.progettoenergia.ch\/de\/szenische-gas-oder-bioethanol-oder-elektrische-kamine\/\" \/>\n<meta property=\"og:site_name\" content=\"Focolarte | Camini e stufe tra tradizione e tecnologia | Grancia | Ticino\" \/>\n<meta property=\"article:modified_time\" content=\"2024-05-17T10:29:37+00:00\" \/>\n<meta name=\"twitter:card\" content=\"summary_large_image\" \/>\n<meta name=\"twitter:label1\" content=\"Gesch\u00e4tzte Lesezeit\" \/>\n\t<meta name=\"twitter:data1\" content=\"4\u00a0Minuten\" \/>\n<script type=\"application\/ld+json\" class=\"yoast-schema-graph\">{\"@context\":\"https:\/\/schema.org\",\"@graph\":[{\"@type\":\"WebPage\",\"@id\":\"https:\/\/focolarte.progettoenergia.ch\/caminetti-scenici\/\",\"url\":\"https:\/\/focolarte.progettoenergia.ch\/caminetti-scenici\/\",\"name\":\"Caminetti scenici - Focolarte | Camini e stufe tra tradizione e tecnologia | Grancia | Ticino\",\"isPartOf\":{\"@id\":\"https:\/\/focolarte.progettoenergia.ch\/#website\"},\"datePublished\":\"2021-03-18T15:26:56+00:00\",\"dateModified\":\"2024-05-17T10:29:37+00:00\",\"breadcrumb\":{\"@id\":\"https:\/\/focolarte.progettoenergia.ch\/caminetti-scenici\/#breadcrumb\"},\"inLanguage\":\"de\",\"potentialAction\":[{\"@type\":\"ReadAction\",\"target\":[\"https:\/\/focolarte.progettoenergia.ch\/caminetti-scenici\/\"]}]},{\"@type\":\"BreadcrumbList\",\"@id\":\"https:\/\/focolarte.progettoenergia.ch\/caminetti-scenici\/#breadcrumb\",\"itemListElement\":[{\"@type\":\"ListItem\",\"position\":1,\"name\":\"Home\",\"item\":\"https:\/\/focolarte.progettoenergia.ch\/\"},{\"@type\":\"ListItem\",\"position\":2,\"name\":\"Caminetti scenici\"}]},{\"@type\":\"WebSite\",\"@id\":\"https:\/\/focolarte.progettoenergia.ch\/#website\",\"url\":\"https:\/\/focolarte.progettoenergia.ch\/\",\"name\":\"Focolarte | Camini e stufe tra tradizione e tecnologia | Grancia | Ticino\",\"description\":\"\",\"potentialAction\":[{\"@type\":\"SearchAction\",\"target\":{\"@type\":\"EntryPoint\",\"urlTemplate\":\"https:\/\/focolarte.progettoenergia.ch\/?s={search_term_string}\"},\"query-input\":{\"@type\":\"PropertyValueSpecification\",\"valueRequired\":true,\"valueName\":\"search_term_string\"}}],\"inLanguage\":\"de\"}]}<\/script>\n<!-- \/ Yoast SEO plugin. -->","yoast_head_json":{"title":"Szenische Kamine - Focolarte | Kamine und \u00d6fen zwischen Tradition und Technik | Grancia | Tessin","robots":{"index":"index","follow":"follow","max-snippet":"max-snippet:-1","max-image-preview":"max-image-preview:large","max-video-preview":"max-video-preview:-1"},"canonical":"https:\/\/focolarte.progettoenergia.ch\/de\/szenische-gas-oder-bioethanol-oder-elektrische-kamine\/","og_locale":"de_DE","og_type":"article","og_title":"Caminetti scenici - Focolarte | Camini e stufe tra tradizione e tecnologia | Grancia | Ticino","og_description":"Caminetti sceniciC\u2019\u00e8 voglia di focolare in casa, l\u2019atavico fascino del fuoco \u00e8 sempre presente dentro di noi. Ma a volta capita che per i pi\u00f9 svariati motivi installare un camino o una stufa a legna non \u00e8 tecnicamente possibile o semplicemente riteniamo che l\u2019attivit\u00e0\u00a0 necessaria all\u2019utilizzo di questi focolari\u2026..\u201cnon faccia al caso nostro\u201d. La categoria [&hellip;]","og_url":"https:\/\/focolarte.progettoenergia.ch\/de\/szenische-gas-oder-bioethanol-oder-elektrische-kamine\/","og_site_name":"Focolarte | Camini e stufe tra tradizione e tecnologia | Grancia | Ticino","article_modified_time":"2024-05-17T10:29:37+00:00","twitter_card":"summary_large_image","twitter_misc":{"Gesch\u00e4tzte Lesezeit":"4\u00a0Minuten"},"schema":{"@context":"https:\/\/schema.org","@graph":[{"@type":"WebPage","@id":"https:\/\/focolarte.progettoenergia.ch\/caminetti-scenici\/","url":"https:\/\/focolarte.progettoenergia.ch\/caminetti-scenici\/","name":"Szenische Kamine - Focolarte | Kamine und \u00d6fen zwischen Tradition und Technik | Grancia | Tessin","isPartOf":{"@id":"https:\/\/focolarte.progettoenergia.ch\/#website"},"datePublished":"2021-03-18T15:26:56+00:00","dateModified":"2024-05-17T10:29:37+00:00","breadcrumb":{"@id":"https:\/\/focolarte.progettoenergia.ch\/caminetti-scenici\/#breadcrumb"},"inLanguage":"de","potentialAction":[{"@type":"ReadAction","target":["https:\/\/focolarte.progettoenergia.ch\/caminetti-scenici\/"]}]},{"@type":"BreadcrumbList","@id":"https:\/\/focolarte.progettoenergia.ch\/caminetti-scenici\/#breadcrumb","itemListElement":[{"@type":"ListItem","position":1,"name":"Home","item":"https:\/\/focolarte.progettoenergia.ch\/"},{"@type":"ListItem","position":2,"name":"Caminetti scenici"}]},{"@type":"WebSite","@id":"https:\/\/focolarte.progettoenergia.ch\/#website","url":"https:\/\/focolarte.progettoenergia.ch\/","name":"Focolarte | Kamine und \u00d6fen zwischen Tradition und Technik | Grancia | Tessin","description":"","potentialAction":[{"@type":"SearchAction","target":{"@type":"EntryPoint","urlTemplate":"https:\/\/focolarte.progettoenergia.ch\/?s={search_term_string}"},"query-input":{"@type":"PropertyValueSpecification","valueRequired":true,"valueName":"search_term_string"}}],"inLanguage":"de"}]}},"_links":{"self":[{"href":"https:\/\/focolarte.progettoenergia.ch\/de\/wp-json\/wp\/v2\/pages\/712","targetHints":{"allow":["GET"]}}],"collection":[{"href":"https:\/\/focolarte.progettoenergia.ch\/de\/wp-json\/wp\/v2\/pages"}],"about":[{"href":"https:\/\/focolarte.progettoenergia.ch\/de\/wp-json\/wp\/v2\/types\/page"}],"author":[{"embeddable":true,"href":"https:\/\/focolarte.progettoenergia.ch\/de\/wp-json\/wp\/v2\/users\/1"}],"replies":[{"embeddable":true,"href":"https:\/\/focolarte.progettoenergia.ch\/de\/wp-json\/wp\/v2\/comments?post=712"}],"version-history":[{"count":8,"href":"https:\/\/focolarte.progettoenergia.ch\/de\/wp-json\/wp\/v2\/pages\/712\/revisions"}],"predecessor-version":[{"id":987495847,"href":"https:\/\/focolarte.progettoenergia.ch\/de\/wp-json\/wp\/v2\/pages\/712\/revisions\/987495847"}],"wp:attachment":[{"href":"https:\/\/focolarte.progettoenergia.ch\/de\/wp-json\/wp\/v2\/media?parent=712"}],"curies":[{"name":"wp","href":"https:\/\/api.w.org\/{rel}","templated":true}]}}